{"id":831,"date":"2025-12-30T12:49:41","date_gmt":"2025-12-30T15:49:41","guid":{"rendered":"https:\/\/pauliniafu.com.br\/?page_id=831"},"modified":"2025-12-30T15:56:50","modified_gmt":"2025-12-30T18:56:50","slug":"noticias","status":"publish","type":"page","link":"https:\/\/pauliniafu.com.br\/index.php\/noticias\/","title":{"rendered":"Not\u00edcias"},"content":{"rendered":"\t\t<div data-elementor-type=\"wp-page\" data-elementor-id=\"831\" class=\"elementor elementor-831\" data-elementor-post-type=\"page\">\n\t\t\t\t<div class=\"elementor-element elementor-element-29e9ee7 e-flex e-con-boxed e-con e-parent\" data-id=\"29e9ee7\" data-element_type=\"container\">\n\t\t\t\t\t<div class=\"e-con-inner\">\n\t\t\t\t<div class=\"elementor-element elementor-element-18132b1 elementor-widget elementor-widget-heading\" data-id=\"18132b1\" data-element_type=\"widget\" data-widget_type=\"heading.default\">\n\t\t\t\t<div class=\"elementor-widget-container\">\n\t\t\t\t\t<h2 class=\"elementor-heading-title elementor-size-default\">\u00daltimas Not\u00edcias<\/h2>\t\t\t\t<\/div>\n\t\t\t\t<\/div>\n\t\t\t\t<div class=\"elementor-element elementor-element-3e1bad4 elementor-grid-3 elementor-grid-tablet-2 elementor-grid-mobile-1 elementor-posts--thumbnail-top elementor-card-shadow-yes elementor-posts__hover-gradient elementor-widget elementor-widget-posts\" data-id=\"3e1bad4\" data-element_type=\"widget\" data-settings=\"{&quot;cards_columns&quot;:&quot;3&quot;,&quot;cards_columns_tablet&quot;:&quot;2&quot;,&quot;cards_columns_mobile&quot;:&quot;1&quot;,&quot;cards_row_gap&quot;:{&quot;unit&quot;:&quot;px&quot;,&quot;size&quot;:35,&quot;sizes&quot;:[]},&quot;cards_row_gap_laptop&quot;:{&quot;unit&quot;:&quot;px&quot;,&quot;size&quot;:&quot;&quot;,&quot;sizes&quot;:[]},&quot;cards_row_gap_tablet&quot;:{&quot;unit&quot;:&quot;px&quot;,&quot;size&quot;:&quot;&quot;,&quot;sizes&quot;:[]},&quot;cards_row_gap_mobile&quot;:{&quot;unit&quot;:&quot;px&quot;,&quot;size&quot;:&quot;&quot;,&quot;sizes&quot;:[]}}\" data-widget_type=\"posts.cards\">\n\t\t\t\t<div class=\"elementor-widget-container\">\n\t\t\t\t\t\t\t<div class=\"elementor-posts-container elementor-posts elementor-posts--skin-cards elementor-grid\">\n\t\t\t\t<article class=\"elementor-post elementor-grid-item post-981 post type-post status-publish format-standard has-post-thumbnail hentry category-noticias category-sub-13 category-sub-14\">\n\t\t\t<div class=\"elementor-post__card\">\n\t\t\t\t<a class=\"elementor-post__thumbnail__link\" href=\"https:\/\/pauliniafu.com.br\/index.php\/2026\/03\/24\/grupo-definido-e-estreia-confirmada-no-paulista-sub-13-e-sub-14\/\" tabindex=\"-1\" ><div class=\"elementor-post__thumbnail\"><img fetchpriority=\"high\" decoding=\"async\" width=\"1600\" height=\"900\" src=\"https:\/\/pauliniafu.com.br\/wp-content\/uploads\/2026\/03\/paulista.png\" class=\"attachment-full size-full wp-image-982\" alt=\"\" srcset=\"https:\/\/pauliniafu.com.br\/wp-content\/uploads\/2026\/03\/paulista.png 1600w, https:\/\/pauliniafu.com.br\/wp-content\/uploads\/2026\/03\/paulista-300x169.png 300w, https:\/\/pauliniafu.com.br\/wp-content\/uploads\/2026\/03\/paulista-1024x576.png 1024w, https:\/\/pauliniafu.com.br\/wp-content\/uploads\/2026\/03\/paulista-768x432.png 768w, https:\/\/pauliniafu.com.br\/wp-content\/uploads\/2026\/03\/paulista-1536x864.png 1536w\" sizes=\"(max-width: 1600px) 100vw, 1600px\" \/><\/div><\/a>\n\t\t\t\t<div class=\"elementor-post__badge\">Not\u00edcias<\/div>\n\t\t\t\t<div class=\"elementor-post__text\">\n\t\t\t\t<h3 class=\"elementor-post__title\">\n\t\t\t<a href=\"https:\/\/pauliniafu.com.br\/index.php\/2026\/03\/24\/grupo-definido-e-estreia-confirmada-no-paulista-sub-13-e-sub-14\/\" >\n\t\t\t\tGrupo definido e estreia confirmada no Paulista Sub-13 e Sub-14\t\t\t<\/a>\n\t\t<\/h3>\n\t\t\t\t<div class=\"elementor-post__excerpt\">\n\t\t\t<p>O Paul\u00ednia Futebol Universit\u00e1rio j\u00e1 conhece seus advers\u00e1rios na fase<\/p>\n\t\t<\/div>\n\t\t\n\t\t<a class=\"elementor-post__read-more\" href=\"https:\/\/pauliniafu.com.br\/index.php\/2026\/03\/24\/grupo-definido-e-estreia-confirmada-no-paulista-sub-13-e-sub-14\/\" aria-label=\"Read more about Grupo definido e estreia confirmada no Paulista Sub-13 e Sub-14\" tabindex=\"-1\" >\n\t\t\tLEIA MAIS \u00bb\t\t<\/a>\n\n\t\t\t\t<\/div>\n\t\t\t\t<div class=\"elementor-post__meta-data\">\n\t\t\t\t\t<span class=\"elementor-post-date\">\n\t\t\t24 de mar\u00e7o de 2026\t\t<\/span>\n\t\t\t\t<\/div>\n\t\t\t\t\t<\/div>\n\t\t<\/article>\n\t\t\t\t<article class=\"elementor-post elementor-grid-item post-972 post type-post status-publish format-standard has-post-thumbnail hentry category-noticias category-profissional\">\n\t\t\t<div class=\"elementor-post__card\">\n\t\t\t\t<a class=\"elementor-post__thumbnail__link\" href=\"https:\/\/pauliniafu.com.br\/index.php\/2026\/03\/24\/bazilio-amaral-e-o-novo-tecnico-do-paulinia-futebol-universitario-para-a-temporada-2026\/\" tabindex=\"-1\" ><div class=\"elementor-post__thumbnail\"><img decoding=\"async\" width=\"1600\" height=\"900\" src=\"https:\/\/pauliniafu.com.br\/wp-content\/uploads\/2026\/03\/POST-JOGOS-.png\" class=\"attachment-full size-full wp-image-973\" alt=\"\" srcset=\"https:\/\/pauliniafu.com.br\/wp-content\/uploads\/2026\/03\/POST-JOGOS-.png 1600w, https:\/\/pauliniafu.com.br\/wp-content\/uploads\/2026\/03\/POST-JOGOS--300x169.png 300w, https:\/\/pauliniafu.com.br\/wp-content\/uploads\/2026\/03\/POST-JOGOS--1024x576.png 1024w, https:\/\/pauliniafu.com.br\/wp-content\/uploads\/2026\/03\/POST-JOGOS--768x432.png 768w, https:\/\/pauliniafu.com.br\/wp-content\/uploads\/2026\/03\/POST-JOGOS--1536x864.png 1536w\" sizes=\"(max-width: 1600px) 100vw, 1600px\" \/><\/div><\/a>\n\t\t\t\t<div class=\"elementor-post__badge\">Not\u00edcias<\/div>\n\t\t\t\t<div class=\"elementor-post__text\">\n\t\t\t\t<h3 class=\"elementor-post__title\">\n\t\t\t<a href=\"https:\/\/pauliniafu.com.br\/index.php\/2026\/03\/24\/bazilio-amaral-e-o-novo-tecnico-do-paulinia-futebol-universitario-para-a-temporada-2026\/\" >\n\t\t\t\tBaz\u00edlio Amaral \u00e9 o novo t\u00e9cnico do Paul\u00ednia Futebol Universit\u00e1rio para a temporada 2026\t\t\t<\/a>\n\t\t<\/h3>\n\t\t\t\t<div class=\"elementor-post__excerpt\">\n\t\t\t<p>Aos 48 anos e muita experi\u00eancia em v\u00e1rias fun\u00e7\u00f5es, treinador<\/p>\n\t\t<\/div>\n\t\t\n\t\t<a class=\"elementor-post__read-more\" href=\"https:\/\/pauliniafu.com.br\/index.php\/2026\/03\/24\/bazilio-amaral-e-o-novo-tecnico-do-paulinia-futebol-universitario-para-a-temporada-2026\/\" aria-label=\"Read more about Baz\u00edlio Amaral \u00e9 o novo t\u00e9cnico do Paul\u00ednia Futebol Universit\u00e1rio para a temporada 2026\" tabindex=\"-1\" >\n\t\t\tLEIA MAIS \u00bb\t\t<\/a>\n\n\t\t\t\t<\/div>\n\t\t\t\t<div class=\"elementor-post__meta-data\">\n\t\t\t\t\t<span class=\"elementor-post-date\">\n\t\t\t24 de mar\u00e7o de 2026\t\t<\/span>\n\t\t\t\t<\/div>\n\t\t\t\t\t<\/div>\n\t\t<\/article>\n\t\t\t\t<article class=\"elementor-post elementor-grid-item post-957 post type-post status-publish format-standard has-post-thumbnail hentry category-copinha\">\n\t\t\t<div class=\"elementor-post__card\">\n\t\t\t\t<a class=\"elementor-post__thumbnail__link\" href=\"https:\/\/pauliniafu.com.br\/index.php\/2026\/01\/04\/saiba-onde-assistir-paulinia-f-u-x-operario-pr-pela-copinha-2026\/\" tabindex=\"-1\" ><div class=\"elementor-post__thumbnail\"><img decoding=\"async\" width=\"1600\" height=\"900\" src=\"https:\/\/pauliniafu.com.br\/wp-content\/uploads\/2026\/01\/POST-JOGOS-1.png\" class=\"attachment-full size-full wp-image-959\" alt=\"\" srcset=\"https:\/\/pauliniafu.com.br\/wp-content\/uploads\/2026\/01\/POST-JOGOS-1.png 1600w, https:\/\/pauliniafu.com.br\/wp-content\/uploads\/2026\/01\/POST-JOGOS-1-300x169.png 300w, https:\/\/pauliniafu.com.br\/wp-content\/uploads\/2026\/01\/POST-JOGOS-1-1024x576.png 1024w, https:\/\/pauliniafu.com.br\/wp-content\/uploads\/2026\/01\/POST-JOGOS-1-768x432.png 768w, https:\/\/pauliniafu.com.br\/wp-content\/uploads\/2026\/01\/POST-JOGOS-1-1536x864.png 1536w\" sizes=\"(max-width: 1600px) 100vw, 1600px\" \/><\/div><\/a>\n\t\t\t\t<div class=\"elementor-post__badge\">Copinha<\/div>\n\t\t\t\t<div class=\"elementor-post__text\">\n\t\t\t\t<h3 class=\"elementor-post__title\">\n\t\t\t<a href=\"https:\/\/pauliniafu.com.br\/index.php\/2026\/01\/04\/saiba-onde-assistir-paulinia-f-u-x-operario-pr-pela-copinha-2026\/\" >\n\t\t\t\tSaiba onde assistir Paul\u00ednia F.U x Oper\u00e1rio (PR) pela Copinha 2026!\t\t\t<\/a>\n\t\t<\/h3>\n\t\t\t\t<div class=\"elementor-post__excerpt\">\n\t\t\t<p>ATEN\u00c7\u00c3O, TORCIDA! \u00c9 dia de estreia na Copinha 2026!Voc\u00ea j\u00e1<\/p>\n\t\t<\/div>\n\t\t\n\t\t<a class=\"elementor-post__read-more\" href=\"https:\/\/pauliniafu.com.br\/index.php\/2026\/01\/04\/saiba-onde-assistir-paulinia-f-u-x-operario-pr-pela-copinha-2026\/\" aria-label=\"Read more about Saiba onde assistir Paul\u00ednia F.U x Oper\u00e1rio (PR) pela Copinha 2026!\" tabindex=\"-1\" >\n\t\t\tLEIA MAIS \u00bb\t\t<\/a>\n\n\t\t\t\t<\/div>\n\t\t\t\t<div class=\"elementor-post__meta-data\">\n\t\t\t\t\t<span class=\"elementor-post-date\">\n\t\t\t4 de janeiro de 2026\t\t<\/span>\n\t\t\t\t<\/div>\n\t\t\t\t\t<\/div>\n\t\t<\/article>\n\t\t\t\t<\/div>\n\t\t\n\t\t\t\t\t\t<\/div>\n\t\t\t\t<\/div>\n\t\t\t\t<div class=\"elementor-element elementor-element-2530232 elementor-widget elementor-widget-heading\" data-id=\"2530232\" data-element_type=\"widget\" data-widget_type=\"heading.default\">\n\t\t\t\t<div class=\"elementor-widget-container\">\n\t\t\t\t\t<h2 class=\"elementor-heading-title elementor-size-default\">Categorias de base<\/h2>\t\t\t\t<\/div>\n\t\t\t\t<\/div>\n\t\t\t\t\t<\/div>\n\t\t\t\t<\/div>\n\t\t<div class=\"elementor-element elementor-element-21c07e0 e-flex e-con-boxed e-con e-parent\" data-id=\"21c07e0\" data-element_type=\"container\">\n\t\t\t\t\t<div class=\"e-con-inner\">\n\t\t\t\t\t<\/div>\n\t\t\t\t<\/div>\n\t\t\t\t<\/div>\n\t\t","protected":false},"excerpt":{"rendered":"<p>\u00daltimas Not\u00edcias Categorias de base<\/p>\n","protected":false},"author":2,"featured_media":0,"parent":0,"menu_order":0,"comment_status":"closed","ping_status":"closed","template":"elementor_header_footer","meta":{"footnotes":""},"class_list":["post-831","page","type-page","status-publish","hentry"],"yoast_head":"<!-- This site is optimized with the Yoast SEO plugin v26.6 - https:\/\/yoast.com\/wordpress\/plugins\/seo\/ -->\n<title>Not\u00edcias - Paul\u00ednia Futebol Universit\u00e1rio<\/title>\n<meta name=\"robots\" content=\"index, follow, max-snippet:-1, max-image-preview:large, max-video-preview:-1\" \/>\n<link rel=\"canonical\" href=\"https:\/\/pauliniafu.com.br\/index.php\/noticias\/\" \/>\n<meta property=\"og:locale\" content=\"pt_BR\" \/>\n<meta property=\"og:type\" content=\"article\" \/>\n<meta property=\"og:title\" content=\"Not\u00edcias - Paul\u00ednia Futebol Universit\u00e1rio\" \/>\n<meta property=\"og:description\" content=\"\u00daltimas Not\u00edcias Categorias de base\" \/>\n<meta property=\"og:url\" content=\"https:\/\/pauliniafu.com.br\/index.php\/noticias\/\" \/>\n<meta property=\"og:site_name\" content=\"Paul\u00ednia Futebol Universit\u00e1rio\" \/>\n<meta property=\"article:modified_time\" content=\"2025-12-30T18:56:50+00:00\" \/>\n<meta name=\"twitter:card\" content=\"summary_large_image\" \/>\n<script type=\"application\/ld+json\" class=\"yoast-schema-graph\">{\"@context\":\"https:\/\/schema.org\",\"@graph\":[{\"@type\":\"WebPage\",\"@id\":\"https:\/\/pauliniafu.com.br\/index.php\/noticias\/\",\"url\":\"https:\/\/pauliniafu.com.br\/index.php\/noticias\/\",\"name\":\"Not\u00edcias - Paul\u00ednia Futebol Universit\u00e1rio\",\"isPartOf\":{\"@id\":\"https:\/\/pauliniafu.com.br\/#website\"},\"datePublished\":\"2025-12-30T15:49:41+00:00\",\"dateModified\":\"2025-12-30T18:56:50+00:00\",\"breadcrumb\":{\"@id\":\"https:\/\/pauliniafu.com.br\/index.php\/noticias\/#breadcrumb\"},\"inLanguage\":\"pt-BR\",\"potentialAction\":[{\"@type\":\"ReadAction\",\"target\":[\"https:\/\/pauliniafu.com.br\/index.php\/noticias\/\"]}]},{\"@type\":\"BreadcrumbList\",\"@id\":\"https:\/\/pauliniafu.com.br\/index.php\/noticias\/#breadcrumb\",\"itemListElement\":[{\"@type\":\"ListItem\",\"position\":1,\"name\":\"In\u00edcio\",\"item\":\"https:\/\/pauliniafu.com.br\/\"},{\"@type\":\"ListItem\",\"position\":2,\"name\":\"Not\u00edcias\"}]},{\"@type\":\"WebSite\",\"@id\":\"https:\/\/pauliniafu.com.br\/#website\",\"url\":\"https:\/\/pauliniafu.com.br\/\",\"name\":\"Paul\u00ednia Futebol Universit\u00e1rio\",\"description\":\"\",\"publisher\":{\"@id\":\"https:\/\/pauliniafu.com.br\/#organization\"},\"potentialAction\":[{\"@type\":\"SearchAction\",\"target\":{\"@type\":\"EntryPoint\",\"urlTemplate\":\"https:\/\/pauliniafu.com.br\/?s={search_term_string}\"},\"query-input\":{\"@type\":\"PropertyValueSpecification\",\"valueRequired\":true,\"valueName\":\"search_term_string\"}}],\"inLanguage\":\"pt-BR\"},{\"@type\":\"Organization\",\"@id\":\"https:\/\/pauliniafu.com.br\/#organization\",\"name\":\"Paul\u00ednia Futebol Universit\u00e1rio\",\"url\":\"https:\/\/pauliniafu.com.br\/\",\"logo\":{\"@type\":\"ImageObject\",\"inLanguage\":\"pt-BR\",\"@id\":\"https:\/\/pauliniafu.com.br\/#\/schema\/logo\/image\/\",\"url\":\"https:\/\/pauliniafu.com.br\/wp-content\/uploads\/2024\/12\/PAULINIAFU-IDENTIDADEVISUAL2-1.png\",\"contentUrl\":\"https:\/\/pauliniafu.com.br\/wp-content\/uploads\/2024\/12\/PAULINIAFU-IDENTIDADEVISUAL2-1.png\",\"width\":1228,\"height\":1736,\"caption\":\"Paul\u00ednia Futebol Universit\u00e1rio\"},\"image\":{\"@id\":\"https:\/\/pauliniafu.com.br\/#\/schema\/logo\/image\/\"}}]}<\/script>\n<!-- \/ Yoast SEO plugin. -->","yoast_head_json":{"title":"Not\u00edcias - Paul\u00ednia Futebol Universit\u00e1rio","robots":{"index":"index","follow":"follow","max-snippet":"max-snippet:-1","max-image-preview":"max-image-preview:large","max-video-preview":"max-video-preview:-1"},"canonical":"https:\/\/pauliniafu.com.br\/index.php\/noticias\/","og_locale":"pt_BR","og_type":"article","og_title":"Not\u00edcias - Paul\u00ednia Futebol Universit\u00e1rio","og_description":"\u00daltimas Not\u00edcias Categorias de base","og_url":"https:\/\/pauliniafu.com.br\/index.php\/noticias\/","og_site_name":"Paul\u00ednia Futebol Universit\u00e1rio","article_modified_time":"2025-12-30T18:56:50+00:00","twitter_card":"summary_large_image","schema":{"@context":"https:\/\/schema.org","@graph":[{"@type":"WebPage","@id":"https:\/\/pauliniafu.com.br\/index.php\/noticias\/","url":"https:\/\/pauliniafu.com.br\/index.php\/noticias\/","name":"Not\u00edcias - Paul\u00ednia Futebol Universit\u00e1rio","isPartOf":{"@id":"https:\/\/pauliniafu.com.br\/#website"},"datePublished":"2025-12-30T15:49:41+00:00","dateModified":"2025-12-30T18:56:50+00:00","breadcrumb":{"@id":"https:\/\/pauliniafu.com.br\/index.php\/noticias\/#breadcrumb"},"inLanguage":"pt-BR","potentialAction":[{"@type":"ReadAction","target":["https:\/\/pauliniafu.com.br\/index.php\/noticias\/"]}]},{"@type":"BreadcrumbList","@id":"https:\/\/pauliniafu.com.br\/index.php\/noticias\/#breadcrumb","itemListElement":[{"@type":"ListItem","position":1,"name":"In\u00edcio","item":"https:\/\/pauliniafu.com.br\/"},{"@type":"ListItem","position":2,"name":"Not\u00edcias"}]},{"@type":"WebSite","@id":"https:\/\/pauliniafu.com.br\/#website","url":"https:\/\/pauliniafu.com.br\/","name":"Paul\u00ednia Futebol Universit\u00e1rio","description":"","publisher":{"@id":"https:\/\/pauliniafu.com.br\/#organization"},"potentialAction":[{"@type":"SearchAction","target":{"@type":"EntryPoint","urlTemplate":"https:\/\/pauliniafu.com.br\/?s={search_term_string}"},"query-input":{"@type":"PropertyValueSpecification","valueRequired":true,"valueName":"search_term_string"}}],"inLanguage":"pt-BR"},{"@type":"Organization","@id":"https:\/\/pauliniafu.com.br\/#organization","name":"Paul\u00ednia Futebol Universit\u00e1rio","url":"https:\/\/pauliniafu.com.br\/","logo":{"@type":"ImageObject","inLanguage":"pt-BR","@id":"https:\/\/pauliniafu.com.br\/#\/schema\/logo\/image\/","url":"https:\/\/pauliniafu.com.br\/wp-content\/uploads\/2024\/12\/PAULINIAFU-IDENTIDADEVISUAL2-1.png","contentUrl":"https:\/\/pauliniafu.com.br\/wp-content\/uploads\/2024\/12\/PAULINIAFU-IDENTIDADEVISUAL2-1.png","width":1228,"height":1736,"caption":"Paul\u00ednia Futebol Universit\u00e1rio"},"image":{"@id":"https:\/\/pauliniafu.com.br\/#\/schema\/logo\/image\/"}}]}},"_links":{"self":[{"href":"https:\/\/pauliniafu.com.br\/index.php\/wp-json\/wp\/v2\/pages\/831","targetHints":{"allow":["GET"]}}],"collection":[{"href":"https:\/\/pauliniafu.com.br\/index.php\/wp-json\/wp\/v2\/pages"}],"about":[{"href":"https:\/\/pauliniafu.com.br\/index.php\/wp-json\/wp\/v2\/types\/page"}],"author":[{"embeddable":true,"href":"https:\/\/pauliniafu.com.br\/index.php\/wp-json\/wp\/v2\/users\/2"}],"replies":[{"embeddable":true,"href":"https:\/\/pauliniafu.com.br\/index.php\/wp-json\/wp\/v2\/comments?post=831"}],"version-history":[{"count":14,"href":"https:\/\/pauliniafu.com.br\/index.php\/wp-json\/wp\/v2\/pages\/831\/revisions"}],"predecessor-version":[{"id":918,"href":"https:\/\/pauliniafu.com.br\/index.php\/wp-json\/wp\/v2\/pages\/831\/revisions\/918"}],"wp:attachment":[{"href":"https:\/\/pauliniafu.com.br\/index.php\/wp-json\/wp\/v2\/media?parent=831"}],"curies":[{"name":"wp","href":"https:\/\/api.w.org\/{rel}","templated":true}]}}