{"id":727,"date":"2025-11-20T14:22:46","date_gmt":"2025-11-20T17:22:46","guid":{"rendered":"https:\/\/pauliniafu.com.br\/?page_id=727"},"modified":"2026-03-24T17:16:31","modified_gmt":"2026-03-24T20:16:31","slug":"nova-home","status":"publish","type":"page","link":"https:\/\/pauliniafu.com.br\/","title":{"rendered":"Nova Home"},"content":{"rendered":"\t\t<div data-elementor-type=\"wp-page\" data-elementor-id=\"727\" class=\"elementor elementor-727\" data-elementor-post-type=\"page\">\n\t\t\t\t<div class=\"elementor-element elementor-element-41b7ec8 e-flex e-con-boxed e-con e-parent\" data-id=\"41b7ec8\" data-element_type=\"container\">\n\t\t\t\t\t<div class=\"e-con-inner\">\n\t\t\t\t<div class=\"elementor-element elementor-element-34c0f6c elementor-widget-divider--view-line elementor-widget elementor-widget-divider\" data-id=\"34c0f6c\" data-element_type=\"widget\" data-widget_type=\"divider.default\">\n\t\t\t\t<div class=\"elementor-widget-container\">\n\t\t\t\t\t\t\t<div class=\"elementor-divider\">\n\t\t\t<span class=\"elementor-divider-separator\">\n\t\t\t\t\t\t<\/span>\n\t\t<\/div>\n\t\t\t\t\t\t<\/div>\n\t\t\t\t<\/div>\n\t\t\t\t\t<\/div>\n\t\t\t\t<\/div>\n\t\t<div class=\"elementor-element elementor-element-477bac9 e-flex e-con-boxed e-con e-parent\" data-id=\"477bac9\" data-element_type=\"container\">\n\t\t\t\t\t<div class=\"e-con-inner\">\n\t\t\t\t<div class=\"elementor-element elementor-element-f6a6bce elementor-widget elementor-widget-jet-blog-smart-tiles\" data-id=\"f6a6bce\" data-element_type=\"widget\" data-widget_type=\"jet-blog-smart-tiles.default\">\n\t\t\t\t<div class=\"elementor-widget-container\">\n\t\t\t\t\t<div class=\"elementor-jet-blog-smart-tiles jet-blog\"><div class=\"jet-smart-tiles-wrap\" data-slider-atts='{\"adaptiveHeight\":true,\"arrows\":false,\"prevArrow\":\"<i class=\\\"jet-arrow-prev jet-blog-arrow\\\"><svg width=\\\"24\\\" height=\\\"24\\\" viewBox=\\\"0 0 24 24\\\" fill=\\\"none\\\" xmlns=\\\"http:\\\/\\\/www.w3.org\\\/2000\\\/svg\\\"><path d=\\\"M14.625 5.3999L16.3 7.0749L11.35 12.0249L16.3 16.9749L14.625 18.6499L7.99999 12.0249L14.625 5.3999Z\\\" fill=\\\"#0F172A\\\"\\\/><\\\/svg><\\\/i>\",\"nextArrow\":\"<i class=\\\"jet-arrow-next jet-blog-arrow\\\"><svg width=\\\"24\\\" height=\\\"24\\\" viewBox=\\\"0 0 24 24\\\" fill=\\\"none\\\" xmlns=\\\"http:\\\/\\\/www.w3.org\\\/2000\\\/svg\\\"><path d=\\\"M9.37501 18.6001L7.70001 16.9251L12.65 11.9751L7.70001 7.0251L9.37501 5.3501L16 11.9751L9.37501 18.6001Z\\\" fill=\\\"#0F172A\\\"\\\/><\\\/svg><\\\/i>\",\"autoplay\":false,\"autoplaySpeed\":5000,\"rtl\":false}' dir=\"ltr\"><div class=\"jet-smart-tiles-slide\"><div class=\"jet-smart-tiles-slide__wrap layout-1-2\" ><div class=\"jet-smart-tiles\">\n\t<div class=\"jet-smart-tiles__box\" style=\"background-image:url(&#039;https:\/\/pauliniafu.com.br\/wp-content\/uploads\/2026\/03\/paulista.png&#039;)\">\n\t\t<div class=\"jet-smart-tiles__terms\"><a href=\"https:\/\/pauliniafu.com.br\/index.php\/category\/noticias\/\" class=\"jet-smart-tiles__terms-link jet-smart-tiles__terms-link--22\">Not\u00edcias<\/a><\/div>\t\t<div class=\"jet-smart-tiles__box-content\">\n\t\t\t<div class=\"jet-smart-tiles__box-content-inner\">\n\t\t\t\t<div class=\"jet-smart-tiles__meta\"><span class=\"post__date post-meta__item jet-smart-tiles__meta-item\"><span class=\"jet-smart-tiles__meta-icon jet-blog-icon\"><svg aria-hidden=\"true\" class=\"e-font-icon-svg e-fas-calendar-alt\" viewBox=\"0 0 448 512\" xmlns=\"http:\/\/www.w3.org\/2000\/svg\"><path d=\"M0 464c0 26.5 21.5 48 48 48h352c26.5 0 48-21.5 48-48V192H0v272zm320-196c0-6.6 5.4-12 12-12h40c6.6 0 12 5.4 12 12v40c0 6.6-5.4 12-12 12h-40c-6.6 0-12-5.4-12-12v-40zm0 128c0-6.6 5.4-12 12-12h40c6.6 0 12 5.4 12 12v40c0 6.6-5.4 12-12 12h-40c-6.6 0-12-5.4-12-12v-40zM192 268c0-6.6 5.4-12 12-12h40c6.6 0 12 5.4 12 12v40c0 6.6-5.4 12-12 12h-40c-6.6 0-12-5.4-12-12v-40zm0 128c0-6.6 5.4-12 12-12h40c6.6 0 12 5.4 12 12v40c0 6.6-5.4 12-12 12h-40c-6.6 0-12-5.4-12-12v-40zM64 268c0-6.6 5.4-12 12-12h40c6.6 0 12 5.4 12 12v40c0 6.6-5.4 12-12 12H76c-6.6 0-12-5.4-12-12v-40zm0 128c0-6.6 5.4-12 12-12h40c6.6 0 12 5.4 12 12v40c0 6.6-5.4 12-12 12H76c-6.6 0-12-5.4-12-12v-40zM400 64h-48V16c0-8.8-7.2-16-16-16h-32c-8.8 0-16 7.2-16 16v48H160V16c0-8.8-7.2-16-16-16h-32c-8.8 0-16 7.2-16 16v48H48C21.5 64 0 85.5 0 112v48h448v-48c0-26.5-21.5-48-48-48z\"><\/path><\/svg><\/span><span  class=\"post__date-link \" ><time datetime=\"2026-03-24T17:27:56-03:00\" title=\"2026-03-24T17:27:56-03:00\">24 de mar\u00e7o de 2026<\/time><\/span><\/span><\/div>\t\t\t\t\t\t\t\t<div class=\"jet-smart-tiles__box-title\">Grupo definido e estreia confirmada no Paulista Sub-13 e Sub-14<\/div>\t\t\t\t\t\t\t\t\t\t\t\t<div class=\"jet-smart-tiles__box-excerpt\">O Paul\u00ednia Futebol Universit\u00e1rio j\u00e1 conhece seus advers\u00e1rios na fase...<\/div>\t\t\t\t\t\t\t<\/div>\n\t\t<\/div>\n\t\t<a href=\"https:\/\/pauliniafu.com.br\/index.php\/2026\/03\/24\/grupo-definido-e-estreia-confirmada-no-paulista-sub-13-e-sub-14\/\" class=\"jet-smart-tiles__box-link\" aria-label=\"Grupo definido e estreia confirmada no Paulista Sub-13 e Sub-14\"><\/a>\n\t<\/div>\n<\/div><div class=\"jet-smart-tiles\">\n\t<div class=\"jet-smart-tiles__box\" style=\"background-image:url(&#039;https:\/\/pauliniafu.com.br\/wp-content\/uploads\/2026\/03\/POST-JOGOS-.png&#039;)\">\n\t\t<div class=\"jet-smart-tiles__terms\"><a href=\"https:\/\/pauliniafu.com.br\/index.php\/category\/noticias\/\" class=\"jet-smart-tiles__terms-link jet-smart-tiles__terms-link--22\">Not\u00edcias<\/a><\/div>\t\t<div class=\"jet-smart-tiles__box-content\">\n\t\t\t<div class=\"jet-smart-tiles__box-content-inner\">\n\t\t\t\t<div class=\"jet-smart-tiles__meta\"><span class=\"post__date post-meta__item jet-smart-tiles__meta-item\"><span class=\"jet-smart-tiles__meta-icon jet-blog-icon\"><svg aria-hidden=\"true\" class=\"e-font-icon-svg e-fas-calendar-alt\" viewBox=\"0 0 448 512\" xmlns=\"http:\/\/www.w3.org\/2000\/svg\"><path d=\"M0 464c0 26.5 21.5 48 48 48h352c26.5 0 48-21.5 48-48V192H0v272zm320-196c0-6.6 5.4-12 12-12h40c6.6 0 12 5.4 12 12v40c0 6.6-5.4 12-12 12h-40c-6.6 0-12-5.4-12-12v-40zm0 128c0-6.6 5.4-12 12-12h40c6.6 0 12 5.4 12 12v40c0 6.6-5.4 12-12 12h-40c-6.6 0-12-5.4-12-12v-40zM192 268c0-6.6 5.4-12 12-12h40c6.6 0 12 5.4 12 12v40c0 6.6-5.4 12-12 12h-40c-6.6 0-12-5.4-12-12v-40zm0 128c0-6.6 5.4-12 12-12h40c6.6 0 12 5.4 12 12v40c0 6.6-5.4 12-12 12h-40c-6.6 0-12-5.4-12-12v-40zM64 268c0-6.6 5.4-12 12-12h40c6.6 0 12 5.4 12 12v40c0 6.6-5.4 12-12 12H76c-6.6 0-12-5.4-12-12v-40zm0 128c0-6.6 5.4-12 12-12h40c6.6 0 12 5.4 12 12v40c0 6.6-5.4 12-12 12H76c-6.6 0-12-5.4-12-12v-40zM400 64h-48V16c0-8.8-7.2-16-16-16h-32c-8.8 0-16 7.2-16 16v48H160V16c0-8.8-7.2-16-16-16h-32c-8.8 0-16 7.2-16 16v48H48C21.5 64 0 85.5 0 112v48h448v-48c0-26.5-21.5-48-48-48z\"><\/path><\/svg><\/span><span  class=\"post__date-link \" ><time datetime=\"2026-03-24T17:08:51-03:00\" title=\"2026-03-24T17:08:51-03:00\">24 de mar\u00e7o de 2026<\/time><\/span><\/span><\/div>\t\t\t\t\t\t\t\t<div class=\"jet-smart-tiles__box-title\">Baz\u00edlio Amaral \u00e9 o novo t\u00e9cnico do Paul\u00ednia Futebol Universit\u00e1rio para a temporada 2026<\/div>\t\t\t\t\t\t\t\t\t\t\t\t<div class=\"jet-smart-tiles__box-excerpt\">Aos 48 anos e muita experi\u00eancia em v\u00e1rias fun\u00e7\u00f5es, treinador...<\/div>\t\t\t\t\t\t\t<\/div>\n\t\t<\/div>\n\t\t<a href=\"https:\/\/pauliniafu.com.br\/index.php\/2026\/03\/24\/bazilio-amaral-e-o-novo-tecnico-do-paulinia-futebol-universitario-para-a-temporada-2026\/\" class=\"jet-smart-tiles__box-link\" aria-label=\"Baz\u00edlio Amaral \u00e9 o novo t\u00e9cnico do Paul\u00ednia Futebol Universit\u00e1rio para a temporada 2026\"><\/a>\n\t<\/div>\n<\/div><div class=\"jet-smart-tiles\">\n\t<div class=\"jet-smart-tiles__box\" style=\"background-image:url(&#039;https:\/\/pauliniafu.com.br\/wp-content\/uploads\/2026\/01\/POST-JOGOS-1.png&#039;)\">\n\t\t<div class=\"jet-smart-tiles__terms\"><a href=\"https:\/\/pauliniafu.com.br\/index.php\/category\/copinha\/\" class=\"jet-smart-tiles__terms-link jet-smart-tiles__terms-link--18\">Copinha<\/a><\/div>\t\t<div class=\"jet-smart-tiles__box-content\">\n\t\t\t<div class=\"jet-smart-tiles__box-content-inner\">\n\t\t\t\t<div class=\"jet-smart-tiles__meta\"><span class=\"post__date post-meta__item jet-smart-tiles__meta-item\"><span class=\"jet-smart-tiles__meta-icon jet-blog-icon\"><svg aria-hidden=\"true\" class=\"e-font-icon-svg e-fas-calendar-alt\" viewBox=\"0 0 448 512\" xmlns=\"http:\/\/www.w3.org\/2000\/svg\"><path d=\"M0 464c0 26.5 21.5 48 48 48h352c26.5 0 48-21.5 48-48V192H0v272zm320-196c0-6.6 5.4-12 12-12h40c6.6 0 12 5.4 12 12v40c0 6.6-5.4 12-12 12h-40c-6.6 0-12-5.4-12-12v-40zm0 128c0-6.6 5.4-12 12-12h40c6.6 0 12 5.4 12 12v40c0 6.6-5.4 12-12 12h-40c-6.6 0-12-5.4-12-12v-40zM192 268c0-6.6 5.4-12 12-12h40c6.6 0 12 5.4 12 12v40c0 6.6-5.4 12-12 12h-40c-6.6 0-12-5.4-12-12v-40zm0 128c0-6.6 5.4-12 12-12h40c6.6 0 12 5.4 12 12v40c0 6.6-5.4 12-12 12h-40c-6.6 0-12-5.4-12-12v-40zM64 268c0-6.6 5.4-12 12-12h40c6.6 0 12 5.4 12 12v40c0 6.6-5.4 12-12 12H76c-6.6 0-12-5.4-12-12v-40zm0 128c0-6.6 5.4-12 12-12h40c6.6 0 12 5.4 12 12v40c0 6.6-5.4 12-12 12H76c-6.6 0-12-5.4-12-12v-40zM400 64h-48V16c0-8.8-7.2-16-16-16h-32c-8.8 0-16 7.2-16 16v48H160V16c0-8.8-7.2-16-16-16h-32c-8.8 0-16 7.2-16 16v48H48C21.5 64 0 85.5 0 112v48h448v-48c0-26.5-21.5-48-48-48z\"><\/path><\/svg><\/span><span  class=\"post__date-link \" ><time datetime=\"2026-01-04T11:34:23-03:00\" title=\"2026-01-04T11:34:23-03:00\">4 de janeiro de 2026<\/time><\/span><\/span><\/div>\t\t\t\t\t\t\t\t<div class=\"jet-smart-tiles__box-title\">Saiba onde assistir Paul\u00ednia F.U x Oper\u00e1rio (PR) pela Copinha 2026!<\/div>\t\t\t\t\t\t\t\t\t\t\t\t<div class=\"jet-smart-tiles__box-excerpt\">ATEN\u00c7\u00c3O, TORCIDA! \u00c9 dia de estreia na Copinha 2026!Voc\u00ea j\u00e1...<\/div>\t\t\t\t\t\t\t<\/div>\n\t\t<\/div>\n\t\t<a href=\"https:\/\/pauliniafu.com.br\/index.php\/2026\/01\/04\/saiba-onde-assistir-paulinia-f-u-x-operario-pr-pela-copinha-2026\/\" class=\"jet-smart-tiles__box-link\" aria-label=\"Saiba onde assistir Paul\u00ednia F.U x Oper\u00e1rio (PR) pela Copinha 2026!\"><\/a>\n\t<\/div>\n<\/div><\/div><\/div><\/div><\/div>\t\t\t\t<\/div>\n\t\t\t\t<\/div>\n\t\t\t\t\t<\/div>\n\t\t\t\t<\/div>\n\t\t\t\t<\/div>\n\t\t","protected":false},"excerpt":{"rendered":"<p>&#8220;,&#8221;nextArrow&#8221;:&#8221;&#8220;,&#8221;autoplay&#8221;:false,&#8221;autoplaySpeed&#8221;:5000,&#8221;rtl&#8221;:false}&#8217; dir=&#8221;ltr&#8221;> Not\u00edcias 24 de March de 2026 Baz\u00edlio Amaral \u00e9 o novo t\u00e9cnico do Paul\u00ednia Futebol Universit\u00e1rio para a temporada 2026 Aos 48 anos e muita experi\u00eancia em v\u00e1rias fun\u00e7\u00f5es, treinador&#8230; Copinha 4 de January de 2026 Saiba onde assistir Paul\u00ednia F.U x Oper\u00e1rio (PR) pela Copinha 2026! ATEN\u00c7\u00c3O, TORCIDA! \u00c9 dia de estreia [&hellip;]<\/p>\n","protected":false},"author":2,"featured_media":0,"parent":0,"menu_order":0,"comment_status":"closed","ping_status":"closed","template":"elementor_header_footer","meta":{"footnotes":""},"class_list":["post-727","page","type-page","status-publish","hentry"],"yoast_head":"<!-- This site is optimized with the Yoast SEO plugin v26.6 - https:\/\/yoast.com\/wordpress\/plugins\/seo\/ -->\n<title>Nova Home - Paul\u00ednia Futebol Universit\u00e1rio<\/title>\n<meta name=\"robots\" content=\"index, follow, max-snippet:-1, max-image-preview:large, max-video-preview:-1\" \/>\n<link rel=\"canonical\" href=\"https:\/\/pauliniafu.com.br\/\" \/>\n<meta property=\"og:locale\" content=\"pt_BR\" \/>\n<meta property=\"og:type\" content=\"article\" \/>\n<meta property=\"og:title\" content=\"Nova Home - Paul\u00ednia Futebol Universit\u00e1rio\" \/>\n<meta property=\"og:description\" content=\"&#8220;,&#8221;nextArrow&#8221;:&#8221;&#8220;,&#8221;autoplay&#8221;:false,&#8221;autoplaySpeed&#8221;:5000,&#8221;rtl&#8221;:false}&#8217; dir=&#8221;ltr&#8221;&gt; Not\u00edcias 24 de March de 2026 Baz\u00edlio Amaral \u00e9 o novo t\u00e9cnico do Paul\u00ednia Futebol Universit\u00e1rio para a temporada 2026 Aos 48 anos e muita experi\u00eancia em v\u00e1rias fun\u00e7\u00f5es, treinador&#8230; Copinha 4 de January de 2026 Saiba onde assistir Paul\u00ednia F.U x Oper\u00e1rio (PR) pela Copinha 2026! ATEN\u00c7\u00c3O, TORCIDA! \u00c9 dia de estreia [&hellip;]\" \/>\n<meta property=\"og:url\" content=\"https:\/\/pauliniafu.com.br\/\" \/>\n<meta property=\"og:site_name\" content=\"Paul\u00ednia Futebol Universit\u00e1rio\" \/>\n<meta property=\"article:modified_time\" content=\"2026-03-24T20:16:31+00:00\" \/>\n<meta name=\"twitter:card\" content=\"summary_large_image\" \/>\n<meta name=\"twitter:label1\" content=\"Est. tempo de leitura\" \/>\n\t<meta name=\"twitter:data1\" content=\"1 minuto\" \/>\n<script type=\"application\/ld+json\" class=\"yoast-schema-graph\">{\"@context\":\"https:\/\/schema.org\",\"@graph\":[{\"@type\":\"WebPage\",\"@id\":\"https:\/\/pauliniafu.com.br\/\",\"url\":\"https:\/\/pauliniafu.com.br\/\",\"name\":\"Nova Home - Paul\u00ednia Futebol Universit\u00e1rio\",\"isPartOf\":{\"@id\":\"https:\/\/pauliniafu.com.br\/#website\"},\"datePublished\":\"2025-11-20T17:22:46+00:00\",\"dateModified\":\"2026-03-24T20:16:31+00:00\",\"breadcrumb\":{\"@id\":\"https:\/\/pauliniafu.com.br\/#breadcrumb\"},\"inLanguage\":\"pt-BR\",\"potentialAction\":[{\"@type\":\"ReadAction\",\"target\":[\"https:\/\/pauliniafu.com.br\/\"]}]},{\"@type\":\"BreadcrumbList\",\"@id\":\"https:\/\/pauliniafu.com.br\/#breadcrumb\",\"itemListElement\":[{\"@type\":\"ListItem\",\"position\":1,\"name\":\"In\u00edcio\",\"item\":\"https:\/\/pauliniafu.com.br\/\"},{\"@type\":\"ListItem\",\"position\":2,\"name\":\"Nova Home\"}]},{\"@type\":\"WebSite\",\"@id\":\"https:\/\/pauliniafu.com.br\/#website\",\"url\":\"https:\/\/pauliniafu.com.br\/\",\"name\":\"Paul\u00ednia Futebol Universit\u00e1rio\",\"description\":\"\",\"publisher\":{\"@id\":\"https:\/\/pauliniafu.com.br\/#organization\"},\"potentialAction\":[{\"@type\":\"SearchAction\",\"target\":{\"@type\":\"EntryPoint\",\"urlTemplate\":\"https:\/\/pauliniafu.com.br\/?s={search_term_string}\"},\"query-input\":{\"@type\":\"PropertyValueSpecification\",\"valueRequired\":true,\"valueName\":\"search_term_string\"}}],\"inLanguage\":\"pt-BR\"},{\"@type\":\"Organization\",\"@id\":\"https:\/\/pauliniafu.com.br\/#organization\",\"name\":\"Paul\u00ednia Futebol Universit\u00e1rio\",\"url\":\"https:\/\/pauliniafu.com.br\/\",\"logo\":{\"@type\":\"ImageObject\",\"inLanguage\":\"pt-BR\",\"@id\":\"https:\/\/pauliniafu.com.br\/#\/schema\/logo\/image\/\",\"url\":\"https:\/\/pauliniafu.com.br\/wp-content\/uploads\/2024\/12\/PAULINIAFU-IDENTIDADEVISUAL2-1.png\",\"contentUrl\":\"https:\/\/pauliniafu.com.br\/wp-content\/uploads\/2024\/12\/PAULINIAFU-IDENTIDADEVISUAL2-1.png\",\"width\":1228,\"height\":1736,\"caption\":\"Paul\u00ednia Futebol Universit\u00e1rio\"},\"image\":{\"@id\":\"https:\/\/pauliniafu.com.br\/#\/schema\/logo\/image\/\"}}]}<\/script>\n<!-- \/ Yoast SEO plugin. -->","yoast_head_json":{"title":"Nova Home - Paul\u00ednia Futebol Universit\u00e1rio","robots":{"index":"index","follow":"follow","max-snippet":"max-snippet:-1","max-image-preview":"max-image-preview:large","max-video-preview":"max-video-preview:-1"},"canonical":"https:\/\/pauliniafu.com.br\/","og_locale":"pt_BR","og_type":"article","og_title":"Nova Home - Paul\u00ednia Futebol Universit\u00e1rio","og_description":"&#8220;,&#8221;nextArrow&#8221;:&#8221;&#8220;,&#8221;autoplay&#8221;:false,&#8221;autoplaySpeed&#8221;:5000,&#8221;rtl&#8221;:false}&#8217; dir=&#8221;ltr&#8221;> Not\u00edcias 24 de March de 2026 Baz\u00edlio Amaral \u00e9 o novo t\u00e9cnico do Paul\u00ednia Futebol Universit\u00e1rio para a temporada 2026 Aos 48 anos e muita experi\u00eancia em v\u00e1rias fun\u00e7\u00f5es, treinador&#8230; Copinha 4 de January de 2026 Saiba onde assistir Paul\u00ednia F.U x Oper\u00e1rio (PR) pela Copinha 2026! ATEN\u00c7\u00c3O, TORCIDA! \u00c9 dia de estreia [&hellip;]","og_url":"https:\/\/pauliniafu.com.br\/","og_site_name":"Paul\u00ednia Futebol Universit\u00e1rio","article_modified_time":"2026-03-24T20:16:31+00:00","twitter_card":"summary_large_image","twitter_misc":{"Est. tempo de leitura":"1 minuto"},"schema":{"@context":"https:\/\/schema.org","@graph":[{"@type":"WebPage","@id":"https:\/\/pauliniafu.com.br\/","url":"https:\/\/pauliniafu.com.br\/","name":"Nova Home - Paul\u00ednia Futebol Universit\u00e1rio","isPartOf":{"@id":"https:\/\/pauliniafu.com.br\/#website"},"datePublished":"2025-11-20T17:22:46+00:00","dateModified":"2026-03-24T20:16:31+00:00","breadcrumb":{"@id":"https:\/\/pauliniafu.com.br\/#breadcrumb"},"inLanguage":"pt-BR","potentialAction":[{"@type":"ReadAction","target":["https:\/\/pauliniafu.com.br\/"]}]},{"@type":"BreadcrumbList","@id":"https:\/\/pauliniafu.com.br\/#breadcrumb","itemListElement":[{"@type":"ListItem","position":1,"name":"In\u00edcio","item":"https:\/\/pauliniafu.com.br\/"},{"@type":"ListItem","position":2,"name":"Nova Home"}]},{"@type":"WebSite","@id":"https:\/\/pauliniafu.com.br\/#website","url":"https:\/\/pauliniafu.com.br\/","name":"Paul\u00ednia Futebol Universit\u00e1rio","description":"","publisher":{"@id":"https:\/\/pauliniafu.com.br\/#organization"},"potentialAction":[{"@type":"SearchAction","target":{"@type":"EntryPoint","urlTemplate":"https:\/\/pauliniafu.com.br\/?s={search_term_string}"},"query-input":{"@type":"PropertyValueSpecification","valueRequired":true,"valueName":"search_term_string"}}],"inLanguage":"pt-BR"},{"@type":"Organization","@id":"https:\/\/pauliniafu.com.br\/#organization","name":"Paul\u00ednia Futebol Universit\u00e1rio","url":"https:\/\/pauliniafu.com.br\/","logo":{"@type":"ImageObject","inLanguage":"pt-BR","@id":"https:\/\/pauliniafu.com.br\/#\/schema\/logo\/image\/","url":"https:\/\/pauliniafu.com.br\/wp-content\/uploads\/2024\/12\/PAULINIAFU-IDENTIDADEVISUAL2-1.png","contentUrl":"https:\/\/pauliniafu.com.br\/wp-content\/uploads\/2024\/12\/PAULINIAFU-IDENTIDADEVISUAL2-1.png","width":1228,"height":1736,"caption":"Paul\u00ednia Futebol Universit\u00e1rio"},"image":{"@id":"https:\/\/pauliniafu.com.br\/#\/schema\/logo\/image\/"}}]}},"_links":{"self":[{"href":"https:\/\/pauliniafu.com.br\/index.php\/wp-json\/wp\/v2\/pages\/727","targetHints":{"allow":["GET"]}}],"collection":[{"href":"https:\/\/pauliniafu.com.br\/index.php\/wp-json\/wp\/v2\/pages"}],"about":[{"href":"https:\/\/pauliniafu.com.br\/index.php\/wp-json\/wp\/v2\/types\/page"}],"author":[{"embeddable":true,"href":"https:\/\/pauliniafu.com.br\/index.php\/wp-json\/wp\/v2\/users\/2"}],"replies":[{"embeddable":true,"href":"https:\/\/pauliniafu.com.br\/index.php\/wp-json\/wp\/v2\/comments?post=727"}],"version-history":[{"count":61,"href":"https:\/\/pauliniafu.com.br\/index.php\/wp-json\/wp\/v2\/pages\/727\/revisions"}],"predecessor-version":[{"id":980,"href":"https:\/\/pauliniafu.com.br\/index.php\/wp-json\/wp\/v2\/pages\/727\/revisions\/980"}],"wp:attachment":[{"href":"https:\/\/pauliniafu.com.br\/index.php\/wp-json\/wp\/v2\/media?parent=727"}],"curies":[{"name":"wp","href":"https:\/\/api.w.org\/{rel}","templated":true}]}}