{"id":572,"date":"2024-12-26T10:01:53","date_gmt":"2024-12-26T13:01:53","guid":{"rendered":"https:\/\/pauliniafu.com.br\/?page_id=572"},"modified":"2025-10-31T11:17:27","modified_gmt":"2025-10-31T14:17:27","slug":"transparencia","status":"publish","type":"page","link":"https:\/\/pauliniafu.com.br\/index.php\/transparencia\/","title":{"rendered":"transparencia"},"content":{"rendered":"\t\t<div data-elementor-type=\"wp-page\" data-elementor-id=\"572\" class=\"elementor elementor-572\" data-elementor-post-type=\"page\">\n\t\t\t\t\t\t<section class=\"elementor-section elementor-top-section elementor-element elementor-element-34b6f500 elementor-section-stretched elementor-section-boxed elementor-section-height-default elementor-section-height-default\" data-id=\"34b6f500\" data-element_type=\"section\" data-settings=\"{&quot;background_background&quot;:&quot;classic&quot;,&quot;stretch_section&quot;:&quot;section-stretched&quot;}\">\n\t\t\t\t\t\t<div class=\"elementor-container elementor-column-gap-wide\">\n\t\t\t\t\t<div class=\"elementor-column elementor-col-50 elementor-top-column elementor-element elementor-element-73da5ba8 elementor-invisible\" data-id=\"73da5ba8\" data-element_type=\"column\" data-settings=\"{&quot;animation&quot;:&quot;fadeIn&quot;}\">\n\t\t\t<div class=\"elementor-widget-wrap elementor-element-populated\">\n\t\t\t\t\t\t<div class=\"elementor-element elementor-element-5d00783d elementor-widget elementor-widget-heading\" data-id=\"5d00783d\" data-element_type=\"widget\" data-widget_type=\"heading.default\">\n\t\t\t\t<div class=\"elementor-widget-container\">\n\t\t\t\t\t<h2 class=\"elementor-heading-title elementor-size-default\">Transpar\u00eancia<\/h2>\t\t\t\t<\/div>\n\t\t\t\t<\/div>\n\t\t\t\t<div class=\"elementor-element elementor-element-2af8d1ed elementor-position-inline-start elementor-view-default elementor-mobile-position-block-start elementor-widget elementor-widget-icon-box\" data-id=\"2af8d1ed\" data-element_type=\"widget\" data-widget_type=\"icon-box.default\">\n\t\t\t\t<div class=\"elementor-widget-container\">\n\t\t\t\t\t\t\t<div class=\"elementor-icon-box-wrapper\">\n\n\t\t\t\t\t\t<div class=\"elementor-icon-box-icon\">\n\t\t\t\t<a href=\"http:\/\/pauliniafu.com.br\/wp-content\/uploads\/2025\/04\/1Precificacao_1261_2024_2025-04-25_assinado.pdf\" target=\"_blank\" class=\"elementor-icon\" tabindex=\"-1\" aria-label=\"Precifica\u00e7\u00e3o\">\n\t\t\t\t<svg aria-hidden=\"true\" class=\"e-font-icon-svg e-fas-circle\" viewBox=\"0 0 512 512\" xmlns=\"http:\/\/www.w3.org\/2000\/svg\"><path d=\"M256 8C119 8 8 119 8 256s111 248 248 248 248-111 248-248S393 8 256 8z\"><\/path><\/svg>\t\t\t\t<\/a>\n\t\t\t<\/div>\n\t\t\t\n\t\t\t\t\t\t<div class=\"elementor-icon-box-content\">\n\n\t\t\t\t\t\t\t\t\t<h3 class=\"elementor-icon-box-title\">\n\t\t\t\t\t\t<a href=\"http:\/\/pauliniafu.com.br\/wp-content\/uploads\/2025\/04\/1Precificacao_1261_2024_2025-04-25_assinado.pdf\" target=\"_blank\" >\n\t\t\t\t\t\t\tPrecifica\u00e7\u00e3o\t\t\t\t\t\t<\/a>\n\t\t\t\t\t<\/h3>\n\t\t\t\t\n\t\t\t\t\n\t\t\t<\/div>\n\t\t\t\n\t\t<\/div>\n\t\t\t\t\t\t<\/div>\n\t\t\t\t<\/div>\n\t\t\t\t<div class=\"elementor-element elementor-element-72ddabe elementor-position-inline-start elementor-view-default elementor-mobile-position-block-start elementor-widget elementor-widget-icon-box\" data-id=\"72ddabe\" data-element_type=\"widget\" data-widget_type=\"icon-box.default\">\n\t\t\t\t<div class=\"elementor-widget-container\">\n\t\t\t\t\t\t\t<div class=\"elementor-icon-box-wrapper\">\n\n\t\t\t\t\t\t<div class=\"elementor-icon-box-icon\">\n\t\t\t\t<a href=\"http:\/\/pauliniafu.com.br\/wp-content\/uploads\/2025\/04\/Balanco.pdf\" target=\"_blank\" class=\"elementor-icon\" tabindex=\"-1\" aria-label=\"Balan\u00e7o\">\n\t\t\t\t<svg aria-hidden=\"true\" class=\"e-font-icon-svg e-fas-circle\" viewBox=\"0 0 512 512\" xmlns=\"http:\/\/www.w3.org\/2000\/svg\"><path d=\"M256 8C119 8 8 119 8 256s111 248 248 248 248-111 248-248S393 8 256 8z\"><\/path><\/svg>\t\t\t\t<\/a>\n\t\t\t<\/div>\n\t\t\t\n\t\t\t\t\t\t<div class=\"elementor-icon-box-content\">\n\n\t\t\t\t\t\t\t\t\t<h3 class=\"elementor-icon-box-title\">\n\t\t\t\t\t\t<a href=\"http:\/\/pauliniafu.com.br\/wp-content\/uploads\/2025\/04\/Balanco.pdf\" target=\"_blank\" >\n\t\t\t\t\t\t\tBalan\u00e7o\t\t\t\t\t\t<\/a>\n\t\t\t\t\t<\/h3>\n\t\t\t\t\n\t\t\t\t\n\t\t\t<\/div>\n\t\t\t\n\t\t<\/div>\n\t\t\t\t\t\t<\/div>\n\t\t\t\t<\/div>\n\t\t\t\t<div class=\"elementor-element elementor-element-68fd751 elementor-position-inline-start elementor-view-default elementor-mobile-position-block-start elementor-widget elementor-widget-icon-box\" data-id=\"68fd751\" data-element_type=\"widget\" data-widget_type=\"icon-box.default\">\n\t\t\t\t<div class=\"elementor-widget-container\">\n\t\t\t\t\t\t\t<div class=\"elementor-icon-box-wrapper\">\n\n\t\t\t\t\t\t<div class=\"elementor-icon-box-icon\">\n\t\t\t\t<a href=\"http:\/\/pauliniafu.com.br\/wp-content\/uploads\/2025\/04\/DRE.pdf\" target=\"_blank\" class=\"elementor-icon\" tabindex=\"-1\" aria-label=\"DRE - 2024\">\n\t\t\t\t<svg aria-hidden=\"true\" class=\"e-font-icon-svg e-fas-circle\" viewBox=\"0 0 512 512\" xmlns=\"http:\/\/www.w3.org\/2000\/svg\"><path d=\"M256 8C119 8 8 119 8 256s111 248 248 248 248-111 248-248S393 8 256 8z\"><\/path><\/svg>\t\t\t\t<\/a>\n\t\t\t<\/div>\n\t\t\t\n\t\t\t\t\t\t<div class=\"elementor-icon-box-content\">\n\n\t\t\t\t\t\t\t\t\t<h3 class=\"elementor-icon-box-title\">\n\t\t\t\t\t\t<a href=\"http:\/\/pauliniafu.com.br\/wp-content\/uploads\/2025\/04\/DRE.pdf\" target=\"_blank\" >\n\t\t\t\t\t\t\tDRE - 2024\t\t\t\t\t\t<\/a>\n\t\t\t\t\t<\/h3>\n\t\t\t\t\n\t\t\t\t\n\t\t\t<\/div>\n\t\t\t\n\t\t<\/div>\n\t\t\t\t\t\t<\/div>\n\t\t\t\t<\/div>\n\t\t\t\t<div class=\"elementor-element elementor-element-1b0f0af elementor-position-inline-start elementor-view-default elementor-mobile-position-block-start elementor-widget elementor-widget-icon-box\" data-id=\"1b0f0af\" data-element_type=\"widget\" data-widget_type=\"icon-box.default\">\n\t\t\t\t<div class=\"elementor-widget-container\">\n\t\t\t\t\t\t\t<div class=\"elementor-icon-box-wrapper\">\n\n\t\t\t\t\t\t<div class=\"elementor-icon-box-icon\">\n\t\t\t\t<a href=\"https:\/\/pauliniafu.com.br\/wp-content\/uploads\/2024\/12\/Ata_de_eleicao_e_-posse_-2021_2025.pdf\" target=\"_blank\" class=\"elementor-icon\" tabindex=\"-1\" aria-label=\"Ata de elei\u00e7\u00e3o e posse 2021 - 2025\">\n\t\t\t\t<svg aria-hidden=\"true\" class=\"e-font-icon-svg e-fas-circle\" viewBox=\"0 0 512 512\" xmlns=\"http:\/\/www.w3.org\/2000\/svg\"><path d=\"M256 8C119 8 8 119 8 256s111 248 248 248 248-111 248-248S393 8 256 8z\"><\/path><\/svg>\t\t\t\t<\/a>\n\t\t\t<\/div>\n\t\t\t\n\t\t\t\t\t\t<div class=\"elementor-icon-box-content\">\n\n\t\t\t\t\t\t\t\t\t<h3 class=\"elementor-icon-box-title\">\n\t\t\t\t\t\t<a href=\"https:\/\/pauliniafu.com.br\/wp-content\/uploads\/2024\/12\/Ata_de_eleicao_e_-posse_-2021_2025.pdf\" target=\"_blank\" >\n\t\t\t\t\t\t\tAta de elei\u00e7\u00e3o e posse 2021 - 2025\t\t\t\t\t\t<\/a>\n\t\t\t\t\t<\/h3>\n\t\t\t\t\n\t\t\t\t\n\t\t\t<\/div>\n\t\t\t\n\t\t<\/div>\n\t\t\t\t\t\t<\/div>\n\t\t\t\t<\/div>\n\t\t\t\t<div class=\"elementor-element elementor-element-26719263 elementor-position-inline-start elementor-view-default elementor-mobile-position-block-start elementor-widget elementor-widget-icon-box\" data-id=\"26719263\" data-element_type=\"widget\" data-widget_type=\"icon-box.default\">\n\t\t\t\t<div class=\"elementor-widget-container\">\n\t\t\t\t\t\t\t<div class=\"elementor-icon-box-wrapper\">\n\n\t\t\t\t\t\t<div class=\"elementor-icon-box-icon\">\n\t\t\t\t<a href=\"https:\/\/pauliniafu.com.br\/wp-content\/uploads\/2024\/12\/Estatuto.pdf\" target=\"_blank\" class=\"elementor-icon\" tabindex=\"-1\" aria-label=\"Estatuto\">\n\t\t\t\t<svg aria-hidden=\"true\" class=\"e-font-icon-svg e-fas-circle\" viewBox=\"0 0 512 512\" xmlns=\"http:\/\/www.w3.org\/2000\/svg\"><path d=\"M256 8C119 8 8 119 8 256s111 248 248 248 248-111 248-248S393 8 256 8z\"><\/path><\/svg>\t\t\t\t<\/a>\n\t\t\t<\/div>\n\t\t\t\n\t\t\t\t\t\t<div class=\"elementor-icon-box-content\">\n\n\t\t\t\t\t\t\t\t\t<h3 class=\"elementor-icon-box-title\">\n\t\t\t\t\t\t<a href=\"https:\/\/pauliniafu.com.br\/wp-content\/uploads\/2024\/12\/Estatuto.pdf\" target=\"_blank\" >\n\t\t\t\t\t\t\tEstatuto\t\t\t\t\t\t<\/a>\n\t\t\t\t\t<\/h3>\n\t\t\t\t\n\t\t\t\t\n\t\t\t<\/div>\n\t\t\t\n\t\t<\/div>\n\t\t\t\t\t\t<\/div>\n\t\t\t\t<\/div>\n\t\t\t\t<div class=\"elementor-element elementor-element-18e263f6 elementor-position-inline-start elementor-view-default elementor-mobile-position-block-start elementor-widget elementor-widget-icon-box\" data-id=\"18e263f6\" data-element_type=\"widget\" data-widget_type=\"icon-box.default\">\n\t\t\t\t<div class=\"elementor-widget-container\">\n\t\t\t\t\t\t\t<div class=\"elementor-icon-box-wrapper\">\n\n\t\t\t\t\t\t<div class=\"elementor-icon-box-icon\">\n\t\t\t\t<a href=\"http:\/\/pauliniafu.com.br\/wp-content\/uploads\/2025\/06\/Lista_de_Parcerias_com_Ministerio_do_Esporte_PauliniaV2.xlsx\" download=\"\" class=\"elementor-icon\" tabindex=\"-1\" aria-label=\"Lista de parceiros com o Minist\u00e9rio do Esporte Paulinia\">\n\t\t\t\t<svg aria-hidden=\"true\" class=\"e-font-icon-svg e-fas-circle\" viewBox=\"0 0 512 512\" xmlns=\"http:\/\/www.w3.org\/2000\/svg\"><path d=\"M256 8C119 8 8 119 8 256s111 248 248 248 248-111 248-248S393 8 256 8z\"><\/path><\/svg>\t\t\t\t<\/a>\n\t\t\t<\/div>\n\t\t\t\n\t\t\t\t\t\t<div class=\"elementor-icon-box-content\">\n\n\t\t\t\t\t\t\t\t\t<h3 class=\"elementor-icon-box-title\">\n\t\t\t\t\t\t<a href=\"http:\/\/pauliniafu.com.br\/wp-content\/uploads\/2025\/06\/Lista_de_Parcerias_com_Ministerio_do_Esporte_PauliniaV2.xlsx\" download=\"\" >\n\t\t\t\t\t\t\tLista de parceiros com o Minist\u00e9rio do Esporte Paulinia\t\t\t\t\t\t<\/a>\n\t\t\t\t\t<\/h3>\n\t\t\t\t\n\t\t\t\t\n\t\t\t<\/div>\n\t\t\t\n\t\t<\/div>\n\t\t\t\t\t\t<\/div>\n\t\t\t\t<\/div>\n\t\t\t\t<div class=\"elementor-element elementor-element-51d5727 elementor-position-inline-start elementor-view-default elementor-mobile-position-block-start elementor-widget elementor-widget-icon-box\" data-id=\"51d5727\" data-element_type=\"widget\" data-widget_type=\"icon-box.default\">\n\t\t\t\t<div class=\"elementor-widget-container\">\n\t\t\t\t\t\t\t<div class=\"elementor-icon-box-wrapper\">\n\n\t\t\t\t\t\t<div class=\"elementor-icon-box-icon\">\n\t\t\t\t<a href=\"http:\/\/pauliniafu.com.br\/wp-content\/uploads\/2025\/10\/Chamamento-Ato-Convocatorio-2025-2.pdf\" download=\"\" class=\"elementor-icon\" tabindex=\"-1\" aria-label=\"Ato Convocat\u00f3rio\">\n\t\t\t\t<svg aria-hidden=\"true\" class=\"e-font-icon-svg e-fas-circle\" viewBox=\"0 0 512 512\" xmlns=\"http:\/\/www.w3.org\/2000\/svg\"><path d=\"M256 8C119 8 8 119 8 256s111 248 248 248 248-111 248-248S393 8 256 8z\"><\/path><\/svg>\t\t\t\t<\/a>\n\t\t\t<\/div>\n\t\t\t\n\t\t\t\t\t\t<div class=\"elementor-icon-box-content\">\n\n\t\t\t\t\t\t\t\t\t<h3 class=\"elementor-icon-box-title\">\n\t\t\t\t\t\t<a href=\"http:\/\/pauliniafu.com.br\/wp-content\/uploads\/2025\/10\/Chamamento-Ato-Convocatorio-2025-2.pdf\" download=\"\" >\n\t\t\t\t\t\t\tAto Convocat\u00f3rio\t\t\t\t\t\t<\/a>\n\t\t\t\t\t<\/h3>\n\t\t\t\t\n\t\t\t\t\n\t\t\t<\/div>\n\t\t\t\n\t\t<\/div>\n\t\t\t\t\t\t<\/div>\n\t\t\t\t<\/div>\n\t\t\t\t\t<\/div>\n\t\t<\/div>\n\t\t\t\t<div class=\"elementor-column elementor-col-50 elementor-top-column elementor-element elementor-element-5f8b088 elementor-hidden-tablet elementor-hidden-mobile\" data-id=\"5f8b088\" data-element_type=\"column\">\n\t\t\t<div class=\"elementor-widget-wrap elementor-element-populated\">\n\t\t\t\t\t\t<div class=\"elementor-element elementor-element-60988499 elementor-widget elementor-widget-image\" data-id=\"60988499\" data-element_type=\"widget\" data-widget_type=\"image.default\">\n\t\t\t\t<div class=\"elementor-widget-container\">\n\t\t\t\t\t\t\t\t\t\t\t\t\t\t\t<img fetchpriority=\"high\" decoding=\"async\" width=\"618\" height=\"1024\" src=\"http:\/\/pauliniafu.com.br\/wp-content\/uploads\/2024\/12\/grafico-618x1024.png\" class=\"attachment-large size-large wp-image-505\" alt=\"\" srcset=\"http:\/\/pauliniafu.com.br\/wp-content\/uploads\/2024\/12\/grafico-618x1024.png 618w, http:\/\/pauliniafu.com.br\/wp-content\/uploads\/2024\/12\/grafico-181x300.png 181w, http:\/\/pauliniafu.com.br\/wp-content\/uploads\/2024\/12\/grafico-768x1273.png 768w, http:\/\/pauliniafu.com.br\/wp-content\/uploads\/2024\/12\/grafico-927x1536.png 927w, http:\/\/pauliniafu.com.br\/wp-content\/uploads\/2024\/12\/grafico.png 968w\" sizes=\"(max-width: 618px) 100vw, 618px\" \/>\t\t\t\t\t\t\t\t\t\t\t\t\t\t\t<\/div>\n\t\t\t\t<\/div>\n\t\t\t\t\t<\/div>\n\t\t<\/div>\n\t\t\t\t\t<\/div>\n\t\t<\/section>\n\t\t\t\t<\/div>\n\t\t","protected":false},"excerpt":{"rendered":"<p>Transpar\u00eancia Precifica\u00e7\u00e3o Balan\u00e7o DRE &#8211; 2024 Ata de elei\u00e7\u00e3o e posse 2021 &#8211; 2025 Estatuto Lista de parceiros com o Minist\u00e9rio do Esporte Paulinia Ato Convocat\u00f3rio<\/p>\n","protected":false},"author":1,"featured_media":0,"parent":0,"menu_order":0,"comment_status":"closed","ping_status":"closed","template":"elementor_canvas","meta":{"footnotes":""},"class_list":["post-572","page","type-page","status-publish","hentry"],"yoast_head":"<!-- This site is optimized with the Yoast SEO plugin v26.6 - https:\/\/yoast.com\/wordpress\/plugins\/seo\/ -->\n<title>transparencia - Paul\u00ednia Futebol Universit\u00e1rio<\/title>\n<meta name=\"robots\" content=\"index, follow, max-snippet:-1, max-image-preview:large, max-video-preview:-1\" \/>\n<link rel=\"canonical\" href=\"https:\/\/pauliniafu.com.br\/index.php\/transparencia\/\" \/>\n<meta property=\"og:locale\" content=\"pt_BR\" \/>\n<meta property=\"og:type\" content=\"article\" \/>\n<meta property=\"og:title\" content=\"transparencia - Paul\u00ednia Futebol Universit\u00e1rio\" \/>\n<meta property=\"og:description\" content=\"Transpar\u00eancia Precifica\u00e7\u00e3o Balan\u00e7o DRE &#8211; 2024 Ata de elei\u00e7\u00e3o e posse 2021 &#8211; 2025 Estatuto Lista de parceiros com o Minist\u00e9rio do Esporte Paulinia Ato Convocat\u00f3rio\" \/>\n<meta property=\"og:url\" content=\"https:\/\/pauliniafu.com.br\/index.php\/transparencia\/\" \/>\n<meta property=\"og:site_name\" content=\"Paul\u00ednia Futebol Universit\u00e1rio\" \/>\n<meta property=\"article:modified_time\" content=\"2025-10-31T14:17:27+00:00\" \/>\n<meta property=\"og:image\" content=\"http:\/\/pauliniafu.com.br\/wp-content\/uploads\/2024\/12\/grafico-618x1024.png\" \/>\n<meta name=\"twitter:card\" content=\"summary_large_image\" \/>\n<script type=\"application\/ld+json\" class=\"yoast-schema-graph\">{\"@context\":\"https:\/\/schema.org\",\"@graph\":[{\"@type\":\"WebPage\",\"@id\":\"https:\/\/pauliniafu.com.br\/index.php\/transparencia\/\",\"url\":\"https:\/\/pauliniafu.com.br\/index.php\/transparencia\/\",\"name\":\"transparencia - Paul\u00ednia Futebol Universit\u00e1rio\",\"isPartOf\":{\"@id\":\"https:\/\/pauliniafu.com.br\/#website\"},\"primaryImageOfPage\":{\"@id\":\"https:\/\/pauliniafu.com.br\/index.php\/transparencia\/#primaryimage\"},\"image\":{\"@id\":\"https:\/\/pauliniafu.com.br\/index.php\/transparencia\/#primaryimage\"},\"thumbnailUrl\":\"http:\/\/pauliniafu.com.br\/wp-content\/uploads\/2024\/12\/grafico-618x1024.png\",\"datePublished\":\"2024-12-26T13:01:53+00:00\",\"dateModified\":\"2025-10-31T14:17:27+00:00\",\"breadcrumb\":{\"@id\":\"https:\/\/pauliniafu.com.br\/index.php\/transparencia\/#breadcrumb\"},\"inLanguage\":\"pt-BR\",\"potentialAction\":[{\"@type\":\"ReadAction\",\"target\":[\"https:\/\/pauliniafu.com.br\/index.php\/transparencia\/\"]}]},{\"@type\":\"ImageObject\",\"inLanguage\":\"pt-BR\",\"@id\":\"https:\/\/pauliniafu.com.br\/index.php\/transparencia\/#primaryimage\",\"url\":\"https:\/\/pauliniafu.com.br\/wp-content\/uploads\/2024\/12\/grafico.png\",\"contentUrl\":\"https:\/\/pauliniafu.com.br\/wp-content\/uploads\/2024\/12\/grafico.png\",\"width\":968,\"height\":1604},{\"@type\":\"BreadcrumbList\",\"@id\":\"https:\/\/pauliniafu.com.br\/index.php\/transparencia\/#breadcrumb\",\"itemListElement\":[{\"@type\":\"ListItem\",\"position\":1,\"name\":\"In\u00edcio\",\"item\":\"https:\/\/pauliniafu.com.br\/\"},{\"@type\":\"ListItem\",\"position\":2,\"name\":\"transparencia\"}]},{\"@type\":\"WebSite\",\"@id\":\"https:\/\/pauliniafu.com.br\/#website\",\"url\":\"https:\/\/pauliniafu.com.br\/\",\"name\":\"Paul\u00ednia Futebol Universit\u00e1rio\",\"description\":\"\",\"publisher\":{\"@id\":\"https:\/\/pauliniafu.com.br\/#organization\"},\"potentialAction\":[{\"@type\":\"SearchAction\",\"target\":{\"@type\":\"EntryPoint\",\"urlTemplate\":\"https:\/\/pauliniafu.com.br\/?s={search_term_string}\"},\"query-input\":{\"@type\":\"PropertyValueSpecification\",\"valueRequired\":true,\"valueName\":\"search_term_string\"}}],\"inLanguage\":\"pt-BR\"},{\"@type\":\"Organization\",\"@id\":\"https:\/\/pauliniafu.com.br\/#organization\",\"name\":\"Paul\u00ednia Futebol Universit\u00e1rio\",\"url\":\"https:\/\/pauliniafu.com.br\/\",\"logo\":{\"@type\":\"ImageObject\",\"inLanguage\":\"pt-BR\",\"@id\":\"https:\/\/pauliniafu.com.br\/#\/schema\/logo\/image\/\",\"url\":\"https:\/\/pauliniafu.com.br\/wp-content\/uploads\/2024\/12\/PAULINIAFU-IDENTIDADEVISUAL2-1.png\",\"contentUrl\":\"https:\/\/pauliniafu.com.br\/wp-content\/uploads\/2024\/12\/PAULINIAFU-IDENTIDADEVISUAL2-1.png\",\"width\":1228,\"height\":1736,\"caption\":\"Paul\u00ednia Futebol Universit\u00e1rio\"},\"image\":{\"@id\":\"https:\/\/pauliniafu.com.br\/#\/schema\/logo\/image\/\"}}]}<\/script>\n<!-- \/ Yoast SEO plugin. -->","yoast_head_json":{"title":"transparencia - Paul\u00ednia Futebol Universit\u00e1rio","robots":{"index":"index","follow":"follow","max-snippet":"max-snippet:-1","max-image-preview":"max-image-preview:large","max-video-preview":"max-video-preview:-1"},"canonical":"https:\/\/pauliniafu.com.br\/index.php\/transparencia\/","og_locale":"pt_BR","og_type":"article","og_title":"transparencia - Paul\u00ednia Futebol Universit\u00e1rio","og_description":"Transpar\u00eancia Precifica\u00e7\u00e3o Balan\u00e7o DRE &#8211; 2024 Ata de elei\u00e7\u00e3o e posse 2021 &#8211; 2025 Estatuto Lista de parceiros com o Minist\u00e9rio do Esporte Paulinia Ato Convocat\u00f3rio","og_url":"https:\/\/pauliniafu.com.br\/index.php\/transparencia\/","og_site_name":"Paul\u00ednia Futebol Universit\u00e1rio","article_modified_time":"2025-10-31T14:17:27+00:00","og_image":[{"url":"http:\/\/pauliniafu.com.br\/wp-content\/uploads\/2024\/12\/grafico-618x1024.png","type":"","width":"","height":""}],"twitter_card":"summary_large_image","schema":{"@context":"https:\/\/schema.org","@graph":[{"@type":"WebPage","@id":"https:\/\/pauliniafu.com.br\/index.php\/transparencia\/","url":"https:\/\/pauliniafu.com.br\/index.php\/transparencia\/","name":"transparencia - Paul\u00ednia Futebol Universit\u00e1rio","isPartOf":{"@id":"https:\/\/pauliniafu.com.br\/#website"},"primaryImageOfPage":{"@id":"https:\/\/pauliniafu.com.br\/index.php\/transparencia\/#primaryimage"},"image":{"@id":"https:\/\/pauliniafu.com.br\/index.php\/transparencia\/#primaryimage"},"thumbnailUrl":"http:\/\/pauliniafu.com.br\/wp-content\/uploads\/2024\/12\/grafico-618x1024.png","datePublished":"2024-12-26T13:01:53+00:00","dateModified":"2025-10-31T14:17:27+00:00","breadcrumb":{"@id":"https:\/\/pauliniafu.com.br\/index.php\/transparencia\/#breadcrumb"},"inLanguage":"pt-BR","potentialAction":[{"@type":"ReadAction","target":["https:\/\/pauliniafu.com.br\/index.php\/transparencia\/"]}]},{"@type":"ImageObject","inLanguage":"pt-BR","@id":"https:\/\/pauliniafu.com.br\/index.php\/transparencia\/#primaryimage","url":"https:\/\/pauliniafu.com.br\/wp-content\/uploads\/2024\/12\/grafico.png","contentUrl":"https:\/\/pauliniafu.com.br\/wp-content\/uploads\/2024\/12\/grafico.png","width":968,"height":1604},{"@type":"BreadcrumbList","@id":"https:\/\/pauliniafu.com.br\/index.php\/transparencia\/#breadcrumb","itemListElement":[{"@type":"ListItem","position":1,"name":"In\u00edcio","item":"https:\/\/pauliniafu.com.br\/"},{"@type":"ListItem","position":2,"name":"transparencia"}]},{"@type":"WebSite","@id":"https:\/\/pauliniafu.com.br\/#website","url":"https:\/\/pauliniafu.com.br\/","name":"Paul\u00ednia Futebol Universit\u00e1rio","description":"","publisher":{"@id":"https:\/\/pauliniafu.com.br\/#organization"},"potentialAction":[{"@type":"SearchAction","target":{"@type":"EntryPoint","urlTemplate":"https:\/\/pauliniafu.com.br\/?s={search_term_string}"},"query-input":{"@type":"PropertyValueSpecification","valueRequired":true,"valueName":"search_term_string"}}],"inLanguage":"pt-BR"},{"@type":"Organization","@id":"https:\/\/pauliniafu.com.br\/#organization","name":"Paul\u00ednia Futebol Universit\u00e1rio","url":"https:\/\/pauliniafu.com.br\/","logo":{"@type":"ImageObject","inLanguage":"pt-BR","@id":"https:\/\/pauliniafu.com.br\/#\/schema\/logo\/image\/","url":"https:\/\/pauliniafu.com.br\/wp-content\/uploads\/2024\/12\/PAULINIAFU-IDENTIDADEVISUAL2-1.png","contentUrl":"https:\/\/pauliniafu.com.br\/wp-content\/uploads\/2024\/12\/PAULINIAFU-IDENTIDADEVISUAL2-1.png","width":1228,"height":1736,"caption":"Paul\u00ednia Futebol Universit\u00e1rio"},"image":{"@id":"https:\/\/pauliniafu.com.br\/#\/schema\/logo\/image\/"}}]}},"_links":{"self":[{"href":"https:\/\/pauliniafu.com.br\/index.php\/wp-json\/wp\/v2\/pages\/572","targetHints":{"allow":["GET"]}}],"collection":[{"href":"https:\/\/pauliniafu.com.br\/index.php\/wp-json\/wp\/v2\/pages"}],"about":[{"href":"https:\/\/pauliniafu.com.br\/index.php\/wp-json\/wp\/v2\/types\/page"}],"author":[{"embeddable":true,"href":"https:\/\/pauliniafu.com.br\/index.php\/wp-json\/wp\/v2\/users\/1"}],"replies":[{"embeddable":true,"href":"https:\/\/pauliniafu.com.br\/index.php\/wp-json\/wp\/v2\/comments?post=572"}],"version-history":[{"count":53,"href":"https:\/\/pauliniafu.com.br\/index.php\/wp-json\/wp\/v2\/pages\/572\/revisions"}],"predecessor-version":[{"id":719,"href":"https:\/\/pauliniafu.com.br\/index.php\/wp-json\/wp\/v2\/pages\/572\/revisions\/719"}],"wp:attachment":[{"href":"https:\/\/pauliniafu.com.br\/index.php\/wp-json\/wp\/v2\/media?parent=572"}],"curies":[{"name":"wp","href":"https:\/\/api.w.org\/{rel}","templated":true}]}}