{"id":245,"date":"2023-06-26T08:40:52","date_gmt":"2023-06-26T11:40:52","guid":{"rendered":"https:\/\/demosites.royal-elementor-addons.com\/landing-page-digital-product-v1\/?page_id=7"},"modified":"2025-12-30T11:32:17","modified_gmt":"2025-12-30T14:32:17","slug":"home-landing-page-digital-product-v1","status":"publish","type":"page","link":"https:\/\/pauliniafu.com.br\/index.php\/home-landing-page-digital-product-v1\/","title":{"rendered":"Home"},"content":{"rendered":"\t\t<div data-elementor-type=\"wp-page\" data-elementor-id=\"245\" class=\"elementor elementor-245\" data-elementor-post-type=\"page\">\n\t\t\t\t\t\t<section class=\"elementor-section elementor-top-section elementor-element elementor-element-61251e9 elementor-section-boxed elementor-section-height-default elementor-section-height-default\" data-id=\"61251e9\" data-element_type=\"section\" data-settings=\"{&quot;background_background&quot;:&quot;classic&quot;}\">\n\t\t\t\t\t\t\t<div class=\"elementor-background-overlay\"><\/div>\n\t\t\t\t\t\t\t<div class=\"elementor-container elementor-column-gap-default\">\n\t\t\t\t\t<div class=\"elementor-column elementor-col-100 elementor-top-column elementor-element elementor-element-4bf74c8 elementor-invisible\" data-id=\"4bf74c8\" data-element_type=\"column\" data-settings=\"{&quot;animation&quot;:&quot;fadeIn&quot;}\">\n\t\t\t<div class=\"elementor-widget-wrap elementor-element-populated\">\n\t\t\t\t\t\t<div class=\"elementor-element elementor-element-528df23 elementor-widget elementor-widget-heading\" data-id=\"528df23\" data-element_type=\"widget\" data-widget_type=\"heading.default\">\n\t\t\t\t<div class=\"elementor-widget-container\">\n\t\t\t\t\t<h2 class=\"elementor-heading-title elementor-size-default\">Paul\u00ednia Futebol Universit\u00e1rio<\/h2>\t\t\t\t<\/div>\n\t\t\t\t<\/div>\n\t\t\t\t<div class=\"elementor-element elementor-element-b8da97f elementor-widget elementor-widget-text-editor\" data-id=\"b8da97f\" data-element_type=\"widget\" data-widget_type=\"text-editor.default\">\n\t\t\t\t<div class=\"elementor-widget-container\">\n\t\t\t\t\t\t\t\t\t<p>Paul\u00ednia Futebol Universit\u00e1rio: Mais de 20 Anos Revelando Talentos e Transformando Vidas<\/p>\t\t\t\t\t\t\t\t<\/div>\n\t\t\t\t<\/div>\n\t\t\t\t\t<\/div>\n\t\t<\/div>\n\t\t\t\t\t<\/div>\n\t\t<\/section>\n\t\t\t\t<section class=\"elementor-section elementor-top-section elementor-element elementor-element-e4b6f4d elementor-section-boxed elementor-section-height-default elementor-section-height-default\" data-id=\"e4b6f4d\" data-element_type=\"section\" id=\"features\">\n\t\t\t\t\t\t<div class=\"elementor-container elementor-column-gap-wide\">\n\t\t\t\t\t<div class=\"elementor-column elementor-col-100 elementor-top-column elementor-element elementor-element-9ade5ba elementor-invisible\" data-id=\"9ade5ba\" data-element_type=\"column\" data-settings=\"{&quot;animation&quot;:&quot;fadeIn&quot;}\">\n\t\t\t<div class=\"elementor-widget-wrap elementor-element-populated\">\n\t\t\t\t\t\t<div class=\"elementor-element elementor-element-3727b53 elementor-widget elementor-widget-heading\" data-id=\"3727b53\" data-element_type=\"widget\" data-widget_type=\"heading.default\">\n\t\t\t\t<div class=\"elementor-widget-container\">\n\t\t\t\t\t<h2 class=\"elementor-heading-title elementor-size-default\">Um pouco da nossa hist\u00f3ria<\/h2>\t\t\t\t<\/div>\n\t\t\t\t<\/div>\n\t\t\t\t<div class=\"elementor-element elementor-element-31c9a9a elementor-widget elementor-widget-text-editor\" data-id=\"31c9a9a\" data-element_type=\"widget\" data-widget_type=\"text-editor.default\">\n\t\t\t\t<div class=\"elementor-widget-container\">\n\t\t\t\t\t\t\t\t\t<p>Em dia 10 de junho de 2004, Francisco Ant\u00f4nio Bonavita Barros fundou o Paul\u00ednia Futebol Clube, que 2020 passou a se chamar ( Paul\u00ednia Futebol Universit\u00e1rio ) come\u00e7ou disputando campeonatos de base, e conseguiu campanhas de destaque, como o vice-campeonato paulista do sub-17 em 2009, e a terceira coloca\u00e7\u00e3o no Campeonato Paulista Sub-20 de 2011. E o projeto social Ensinando mais que futebol que em 2007 chegou a atender mais de 700 crian\u00e7as de 7 a 16 anos. Presente na Copa do Mundo no Qatar, em 2022, o volante Fabinho foi revelado nas categorias de base do Paul\u00ednia Futebol Clube.<\/p><p><b>Nas \u00faltimas seis temporadas, Fabinho defendeu o Liverpool, da Inglaterra.<\/b><\/p>\t\t\t\t\t\t\t\t<\/div>\n\t\t\t\t<\/div>\n\t\t\t\t\t<\/div>\n\t\t<\/div>\n\t\t\t\t\t<\/div>\n\t\t<\/section>\n\t\t\t\t<\/div>\n\t\t","protected":false},"excerpt":{"rendered":"<p>Paul\u00ednia Futebol Universit\u00e1rio Paul\u00ednia Futebol Universit\u00e1rio: Mais de 20 Anos Revelando Talentos e Transformando Vidas Um pouco da nossa hist\u00f3ria Em dia 10 de junho de 2004, Francisco Ant\u00f4nio Bonavita Barros fundou o Paul\u00ednia Futebol Clube, que 2020 passou a se chamar ( Paul\u00ednia Futebol Universit\u00e1rio ) come\u00e7ou disputando campeonatos de base, e conseguiu campanhas [&hellip;]<\/p>\n","protected":false},"author":1,"featured_media":0,"parent":0,"menu_order":0,"comment_status":"closed","ping_status":"closed","template":"elementor_header_footer","meta":{"footnotes":""},"class_list":["post-245","page","type-page","status-publish","hentry"],"yoast_head":"<!-- This site is optimized with the Yoast SEO plugin v26.6 - https:\/\/yoast.com\/wordpress\/plugins\/seo\/ -->\n<title>Home - Paul\u00ednia Futebol Universit\u00e1rio<\/title>\n<meta name=\"robots\" content=\"index, follow, max-snippet:-1, max-image-preview:large, max-video-preview:-1\" \/>\n<link rel=\"canonical\" href=\"https:\/\/pauliniafu.com.br\/index.php\/home-landing-page-digital-product-v1\/\" \/>\n<meta property=\"og:locale\" content=\"pt_BR\" \/>\n<meta property=\"og:type\" content=\"article\" \/>\n<meta property=\"og:title\" content=\"Home - Paul\u00ednia Futebol Universit\u00e1rio\" \/>\n<meta property=\"og:description\" content=\"Paul\u00ednia Futebol Universit\u00e1rio Paul\u00ednia Futebol Universit\u00e1rio: Mais de 20 Anos Revelando Talentos e Transformando Vidas Um pouco da nossa hist\u00f3ria Em dia 10 de junho de 2004, Francisco Ant\u00f4nio Bonavita Barros fundou o Paul\u00ednia Futebol Clube, que 2020 passou a se chamar ( Paul\u00ednia Futebol Universit\u00e1rio ) come\u00e7ou disputando campeonatos de base, e conseguiu campanhas [&hellip;]\" \/>\n<meta property=\"og:url\" content=\"https:\/\/pauliniafu.com.br\/index.php\/home-landing-page-digital-product-v1\/\" \/>\n<meta property=\"og:site_name\" content=\"Paul\u00ednia Futebol Universit\u00e1rio\" \/>\n<meta property=\"article:modified_time\" content=\"2025-12-30T14:32:17+00:00\" \/>\n<meta name=\"twitter:card\" content=\"summary_large_image\" \/>\n<meta name=\"twitter:label1\" content=\"Est. tempo de leitura\" \/>\n\t<meta name=\"twitter:data1\" content=\"1 minuto\" \/>\n<script type=\"application\/ld+json\" class=\"yoast-schema-graph\">{\"@context\":\"https:\/\/schema.org\",\"@graph\":[{\"@type\":\"WebPage\",\"@id\":\"https:\/\/pauliniafu.com.br\/index.php\/home-landing-page-digital-product-v1\/\",\"url\":\"https:\/\/pauliniafu.com.br\/index.php\/home-landing-page-digital-product-v1\/\",\"name\":\"Home - Paul\u00ednia Futebol Universit\u00e1rio\",\"isPartOf\":{\"@id\":\"https:\/\/pauliniafu.com.br\/#website\"},\"datePublished\":\"2023-06-26T11:40:52+00:00\",\"dateModified\":\"2025-12-30T14:32:17+00:00\",\"breadcrumb\":{\"@id\":\"https:\/\/pauliniafu.com.br\/index.php\/home-landing-page-digital-product-v1\/#breadcrumb\"},\"inLanguage\":\"pt-BR\",\"potentialAction\":[{\"@type\":\"ReadAction\",\"target\":[\"https:\/\/pauliniafu.com.br\/index.php\/home-landing-page-digital-product-v1\/\"]}]},{\"@type\":\"BreadcrumbList\",\"@id\":\"https:\/\/pauliniafu.com.br\/index.php\/home-landing-page-digital-product-v1\/#breadcrumb\",\"itemListElement\":[{\"@type\":\"ListItem\",\"position\":1,\"name\":\"In\u00edcio\",\"item\":\"https:\/\/pauliniafu.com.br\/\"},{\"@type\":\"ListItem\",\"position\":2,\"name\":\"Home\"}]},{\"@type\":\"WebSite\",\"@id\":\"https:\/\/pauliniafu.com.br\/#website\",\"url\":\"https:\/\/pauliniafu.com.br\/\",\"name\":\"Paul\u00ednia Futebol Universit\u00e1rio\",\"description\":\"\",\"publisher\":{\"@id\":\"https:\/\/pauliniafu.com.br\/#organization\"},\"potentialAction\":[{\"@type\":\"SearchAction\",\"target\":{\"@type\":\"EntryPoint\",\"urlTemplate\":\"https:\/\/pauliniafu.com.br\/?s={search_term_string}\"},\"query-input\":{\"@type\":\"PropertyValueSpecification\",\"valueRequired\":true,\"valueName\":\"search_term_string\"}}],\"inLanguage\":\"pt-BR\"},{\"@type\":\"Organization\",\"@id\":\"https:\/\/pauliniafu.com.br\/#organization\",\"name\":\"Paul\u00ednia Futebol Universit\u00e1rio\",\"url\":\"https:\/\/pauliniafu.com.br\/\",\"logo\":{\"@type\":\"ImageObject\",\"inLanguage\":\"pt-BR\",\"@id\":\"https:\/\/pauliniafu.com.br\/#\/schema\/logo\/image\/\",\"url\":\"https:\/\/pauliniafu.com.br\/wp-content\/uploads\/2024\/12\/PAULINIAFU-IDENTIDADEVISUAL2-1.png\",\"contentUrl\":\"https:\/\/pauliniafu.com.br\/wp-content\/uploads\/2024\/12\/PAULINIAFU-IDENTIDADEVISUAL2-1.png\",\"width\":1228,\"height\":1736,\"caption\":\"Paul\u00ednia Futebol Universit\u00e1rio\"},\"image\":{\"@id\":\"https:\/\/pauliniafu.com.br\/#\/schema\/logo\/image\/\"}}]}<\/script>\n<!-- \/ Yoast SEO plugin. -->","yoast_head_json":{"title":"Home - Paul\u00ednia Futebol Universit\u00e1rio","robots":{"index":"index","follow":"follow","max-snippet":"max-snippet:-1","max-image-preview":"max-image-preview:large","max-video-preview":"max-video-preview:-1"},"canonical":"https:\/\/pauliniafu.com.br\/index.php\/home-landing-page-digital-product-v1\/","og_locale":"pt_BR","og_type":"article","og_title":"Home - Paul\u00ednia Futebol Universit\u00e1rio","og_description":"Paul\u00ednia Futebol Universit\u00e1rio Paul\u00ednia Futebol Universit\u00e1rio: Mais de 20 Anos Revelando Talentos e Transformando Vidas Um pouco da nossa hist\u00f3ria Em dia 10 de junho de 2004, Francisco Ant\u00f4nio Bonavita Barros fundou o Paul\u00ednia Futebol Clube, que 2020 passou a se chamar ( Paul\u00ednia Futebol Universit\u00e1rio ) come\u00e7ou disputando campeonatos de base, e conseguiu campanhas [&hellip;]","og_url":"https:\/\/pauliniafu.com.br\/index.php\/home-landing-page-digital-product-v1\/","og_site_name":"Paul\u00ednia Futebol Universit\u00e1rio","article_modified_time":"2025-12-30T14:32:17+00:00","twitter_card":"summary_large_image","twitter_misc":{"Est. tempo de leitura":"1 minuto"},"schema":{"@context":"https:\/\/schema.org","@graph":[{"@type":"WebPage","@id":"https:\/\/pauliniafu.com.br\/index.php\/home-landing-page-digital-product-v1\/","url":"https:\/\/pauliniafu.com.br\/index.php\/home-landing-page-digital-product-v1\/","name":"Home - Paul\u00ednia Futebol Universit\u00e1rio","isPartOf":{"@id":"https:\/\/pauliniafu.com.br\/#website"},"datePublished":"2023-06-26T11:40:52+00:00","dateModified":"2025-12-30T14:32:17+00:00","breadcrumb":{"@id":"https:\/\/pauliniafu.com.br\/index.php\/home-landing-page-digital-product-v1\/#breadcrumb"},"inLanguage":"pt-BR","potentialAction":[{"@type":"ReadAction","target":["https:\/\/pauliniafu.com.br\/index.php\/home-landing-page-digital-product-v1\/"]}]},{"@type":"BreadcrumbList","@id":"https:\/\/pauliniafu.com.br\/index.php\/home-landing-page-digital-product-v1\/#breadcrumb","itemListElement":[{"@type":"ListItem","position":1,"name":"In\u00edcio","item":"https:\/\/pauliniafu.com.br\/"},{"@type":"ListItem","position":2,"name":"Home"}]},{"@type":"WebSite","@id":"https:\/\/pauliniafu.com.br\/#website","url":"https:\/\/pauliniafu.com.br\/","name":"Paul\u00ednia Futebol Universit\u00e1rio","description":"","publisher":{"@id":"https:\/\/pauliniafu.com.br\/#organization"},"potentialAction":[{"@type":"SearchAction","target":{"@type":"EntryPoint","urlTemplate":"https:\/\/pauliniafu.com.br\/?s={search_term_string}"},"query-input":{"@type":"PropertyValueSpecification","valueRequired":true,"valueName":"search_term_string"}}],"inLanguage":"pt-BR"},{"@type":"Organization","@id":"https:\/\/pauliniafu.com.br\/#organization","name":"Paul\u00ednia Futebol Universit\u00e1rio","url":"https:\/\/pauliniafu.com.br\/","logo":{"@type":"ImageObject","inLanguage":"pt-BR","@id":"https:\/\/pauliniafu.com.br\/#\/schema\/logo\/image\/","url":"https:\/\/pauliniafu.com.br\/wp-content\/uploads\/2024\/12\/PAULINIAFU-IDENTIDADEVISUAL2-1.png","contentUrl":"https:\/\/pauliniafu.com.br\/wp-content\/uploads\/2024\/12\/PAULINIAFU-IDENTIDADEVISUAL2-1.png","width":1228,"height":1736,"caption":"Paul\u00ednia Futebol Universit\u00e1rio"},"image":{"@id":"https:\/\/pauliniafu.com.br\/#\/schema\/logo\/image\/"}}]}},"_links":{"self":[{"href":"https:\/\/pauliniafu.com.br\/index.php\/wp-json\/wp\/v2\/pages\/245","targetHints":{"allow":["GET"]}}],"collection":[{"href":"https:\/\/pauliniafu.com.br\/index.php\/wp-json\/wp\/v2\/pages"}],"about":[{"href":"https:\/\/pauliniafu.com.br\/index.php\/wp-json\/wp\/v2\/types\/page"}],"author":[{"embeddable":true,"href":"https:\/\/pauliniafu.com.br\/index.php\/wp-json\/wp\/v2\/users\/1"}],"replies":[{"embeddable":true,"href":"https:\/\/pauliniafu.com.br\/index.php\/wp-json\/wp\/v2\/comments?post=245"}],"version-history":[{"count":66,"href":"https:\/\/pauliniafu.com.br\/index.php\/wp-json\/wp\/v2\/pages\/245\/revisions"}],"predecessor-version":[{"id":748,"href":"https:\/\/pauliniafu.com.br\/index.php\/wp-json\/wp\/v2\/pages\/245\/revisions\/748"}],"wp:attachment":[{"href":"https:\/\/pauliniafu.com.br\/index.php\/wp-json\/wp\/v2\/media?parent=245"}],"curies":[{"name":"wp","href":"https:\/\/api.w.org\/{rel}","templated":true}]}}